{"id":4364,"date":"2021-10-24T16:15:15","date_gmt":"2021-10-24T14:15:15","guid":{"rendered":"https:\/\/grafoplast.it\/wer-wir-sind\/qualita-e-certificazioni\/"},"modified":"2022-09-27T13:06:24","modified_gmt":"2022-09-27T11:06:24","slug":"qualitaet-und-zertifizierungen","status":"publish","type":"page","link":"https:\/\/grafoplast.it\/de\/wer-wir-sind\/qualitaet-und-zertifizierungen\/","title":{"rendered":"Qualit\u00e4t und Zertifizierungen"},"content":{"rendered":"","protected":false},"excerpt":{"rendered":"","protected":false},"author":1,"featured_media":0,"parent":4336,"menu_order":0,"comment_status":"closed","ping_status":"closed","template":"","meta":{"_acf_changed":false,"footnotes":""},"class_list":["post-4364","page","type-page","status-publish","hentry"],"acf":[],"yoast_head":"<!-- This site is optimized with the Yoast SEO plugin v27.4 - https:\/\/yoast.com\/product\/yoast-seo-wordpress\/ -->\n<title>Qualit\u00e4t und Zertifizierungen - Grafoplast\u2122<\/title>\n<meta name=\"description\" content=\"Grafoplast verfolgt seit jeher Qualit\u00e4ts- und Effizienzziele, verbunden mit gr\u00f6\u00dfter Aufmerksamkeit f\u00fcr Fragen der Umweltsicherheit.\" \/>\n<meta name=\"robots\" content=\"index, follow, max-snippet:-1, max-image-preview:large, max-video-preview:-1\" \/>\n<link rel=\"canonical\" href=\"https:\/\/grafoplast.it\/de\/wer-wir-sind\/qualitaet-und-zertifizierungen\/\" \/>\n<meta property=\"og:locale\" content=\"de_DE\" \/>\n<meta property=\"og:type\" content=\"article\" \/>\n<meta property=\"og:title\" content=\"Qualit\u00e4t und Zertifizierungen - Grafoplast\u2122\" \/>\n<meta property=\"og:description\" content=\"Grafoplast verfolgt seit jeher Qualit\u00e4ts- und Effizienzziele, verbunden mit gr\u00f6\u00dfter Aufmerksamkeit f\u00fcr Fragen der Umweltsicherheit.\" \/>\n<meta property=\"og:url\" content=\"https:\/\/grafoplast.it\/de\/wer-wir-sind\/qualitaet-und-zertifizierungen\/\" \/>\n<meta property=\"og:site_name\" content=\"Grafoplast\u2122\" \/>\n<meta property=\"article:publisher\" content=\"https:\/\/www.facebook.com\/grafoplast\" \/>\n<meta property=\"article:modified_time\" content=\"2022-09-27T11:06:24+00:00\" \/>\n<meta name=\"twitter:card\" content=\"summary_large_image\" \/>\n<script type=\"application\/ld+json\" class=\"yoast-schema-graph\">{\"@context\":\"https:\\\/\\\/schema.org\",\"@graph\":[{\"@type\":\"WebPage\",\"@id\":\"https:\\\/\\\/grafoplast.it\\\/de\\\/wer-wir-sind\\\/qualitaet-und-zertifizierungen\\\/\",\"url\":\"https:\\\/\\\/grafoplast.it\\\/de\\\/wer-wir-sind\\\/qualitaet-und-zertifizierungen\\\/\",\"name\":\"Qualit\u00e4t und Zertifizierungen - Grafoplast\u2122\",\"isPartOf\":{\"@id\":\"https:\\\/\\\/grafoplast.it\\\/it\\\/#website\"},\"datePublished\":\"2021-10-24T14:15:15+00:00\",\"dateModified\":\"2022-09-27T11:06:24+00:00\",\"description\":\"Grafoplast verfolgt seit jeher Qualit\u00e4ts- und Effizienzziele, verbunden mit gr\u00f6\u00dfter Aufmerksamkeit f\u00fcr Fragen der Umweltsicherheit.\",\"breadcrumb\":{\"@id\":\"https:\\\/\\\/grafoplast.it\\\/de\\\/wer-wir-sind\\\/qualitaet-und-zertifizierungen\\\/#breadcrumb\"},\"inLanguage\":\"de\",\"potentialAction\":[{\"@type\":\"ReadAction\",\"target\":[\"https:\\\/\\\/grafoplast.it\\\/de\\\/wer-wir-sind\\\/qualitaet-und-zertifizierungen\\\/\"]}]},{\"@type\":\"BreadcrumbList\",\"@id\":\"https:\\\/\\\/grafoplast.it\\\/de\\\/wer-wir-sind\\\/qualitaet-und-zertifizierungen\\\/#breadcrumb\",\"itemListElement\":[{\"@type\":\"ListItem\",\"position\":1,\"name\":\"Home\",\"item\":\"https:\\\/\\\/grafoplast.it\\\/de\\\/\"},{\"@type\":\"ListItem\",\"position\":2,\"name\":\"Wer wir sind\",\"item\":\"https:\\\/\\\/grafoplast.it\\\/de\\\/wer-wir-sind\\\/\"},{\"@type\":\"ListItem\",\"position\":3,\"name\":\"Qualit\u00e4t und Zertifizierungen\"}]},{\"@type\":\"WebSite\",\"@id\":\"https:\\\/\\\/grafoplast.it\\\/it\\\/#website\",\"url\":\"https:\\\/\\\/grafoplast.it\\\/it\\\/\",\"name\":\"Grafoplast\u2122\",\"description\":\"Do it better.\",\"publisher\":{\"@id\":\"https:\\\/\\\/grafoplast.it\\\/it\\\/#organization\"},\"potentialAction\":[{\"@type\":\"SearchAction\",\"target\":{\"@type\":\"EntryPoint\",\"urlTemplate\":\"https:\\\/\\\/grafoplast.it\\\/it\\\/?s={search_term_string}\"},\"query-input\":{\"@type\":\"PropertyValueSpecification\",\"valueRequired\":true,\"valueName\":\"search_term_string\"}}],\"inLanguage\":\"de\"},{\"@type\":\"Organization\",\"@id\":\"https:\\\/\\\/grafoplast.it\\\/it\\\/#organization\",\"name\":\"Grafoplast\",\"url\":\"https:\\\/\\\/grafoplast.it\\\/it\\\/\",\"logo\":{\"@type\":\"ImageObject\",\"inLanguage\":\"de\",\"@id\":\"https:\\\/\\\/grafoplast.it\\\/it\\\/#\\\/schema\\\/logo\\\/image\\\/\",\"url\":\"https:\\\/\\\/grafoplast.it\\\/wp-content\\\/uploads\\\/2021\\\/05\\\/logo_LD.jpg\",\"contentUrl\":\"https:\\\/\\\/grafoplast.it\\\/wp-content\\\/uploads\\\/2021\\\/05\\\/logo_LD.jpg\",\"width\":600,\"height\":101,\"caption\":\"Grafoplast\"},\"image\":{\"@id\":\"https:\\\/\\\/grafoplast.it\\\/it\\\/#\\\/schema\\\/logo\\\/image\\\/\"},\"sameAs\":[\"https:\\\/\\\/www.facebook.com\\\/grafoplast\",\"https:\\\/\\\/www.instagram.com\\\/grafoplast_official\",\"https:\\\/\\\/www.linkedin.com\\\/company\\\/grafoplastsrl\",\"https:\\\/\\\/www.youtube.com\\\/c\\\/Grafoplast\"]}]}<\/script>\n<!-- \/ Yoast SEO plugin. -->","yoast_head_json":{"title":"Qualit\u00e4t und Zertifizierungen - Grafoplast\u2122","description":"Grafoplast verfolgt seit jeher Qualit\u00e4ts- und Effizienzziele, verbunden mit gr\u00f6\u00dfter Aufmerksamkeit f\u00fcr Fragen der Umweltsicherheit.","robots":{"index":"index","follow":"follow","max-snippet":"max-snippet:-1","max-image-preview":"max-image-preview:large","max-video-preview":"max-video-preview:-1"},"canonical":"https:\/\/grafoplast.it\/de\/wer-wir-sind\/qualitaet-und-zertifizierungen\/","og_locale":"de_DE","og_type":"article","og_title":"Qualit\u00e4t und Zertifizierungen - Grafoplast\u2122","og_description":"Grafoplast verfolgt seit jeher Qualit\u00e4ts- und Effizienzziele, verbunden mit gr\u00f6\u00dfter Aufmerksamkeit f\u00fcr Fragen der Umweltsicherheit.","og_url":"https:\/\/grafoplast.it\/de\/wer-wir-sind\/qualitaet-und-zertifizierungen\/","og_site_name":"Grafoplast\u2122","article_publisher":"https:\/\/www.facebook.com\/grafoplast","article_modified_time":"2022-09-27T11:06:24+00:00","twitter_card":"summary_large_image","schema":{"@context":"https:\/\/schema.org","@graph":[{"@type":"WebPage","@id":"https:\/\/grafoplast.it\/de\/wer-wir-sind\/qualitaet-und-zertifizierungen\/","url":"https:\/\/grafoplast.it\/de\/wer-wir-sind\/qualitaet-und-zertifizierungen\/","name":"Qualit\u00e4t und Zertifizierungen - Grafoplast\u2122","isPartOf":{"@id":"https:\/\/grafoplast.it\/it\/#website"},"datePublished":"2021-10-24T14:15:15+00:00","dateModified":"2022-09-27T11:06:24+00:00","description":"Grafoplast verfolgt seit jeher Qualit\u00e4ts- und Effizienzziele, verbunden mit gr\u00f6\u00dfter Aufmerksamkeit f\u00fcr Fragen der Umweltsicherheit.","breadcrumb":{"@id":"https:\/\/grafoplast.it\/de\/wer-wir-sind\/qualitaet-und-zertifizierungen\/#breadcrumb"},"inLanguage":"de","potentialAction":[{"@type":"ReadAction","target":["https:\/\/grafoplast.it\/de\/wer-wir-sind\/qualitaet-und-zertifizierungen\/"]}]},{"@type":"BreadcrumbList","@id":"https:\/\/grafoplast.it\/de\/wer-wir-sind\/qualitaet-und-zertifizierungen\/#breadcrumb","itemListElement":[{"@type":"ListItem","position":1,"name":"Home","item":"https:\/\/grafoplast.it\/de\/"},{"@type":"ListItem","position":2,"name":"Wer wir sind","item":"https:\/\/grafoplast.it\/de\/wer-wir-sind\/"},{"@type":"ListItem","position":3,"name":"Qualit\u00e4t und Zertifizierungen"}]},{"@type":"WebSite","@id":"https:\/\/grafoplast.it\/it\/#website","url":"https:\/\/grafoplast.it\/it\/","name":"Grafoplast\u2122","description":"Do it better.","publisher":{"@id":"https:\/\/grafoplast.it\/it\/#organization"},"potentialAction":[{"@type":"SearchAction","target":{"@type":"EntryPoint","urlTemplate":"https:\/\/grafoplast.it\/it\/?s={search_term_string}"},"query-input":{"@type":"PropertyValueSpecification","valueRequired":true,"valueName":"search_term_string"}}],"inLanguage":"de"},{"@type":"Organization","@id":"https:\/\/grafoplast.it\/it\/#organization","name":"Grafoplast","url":"https:\/\/grafoplast.it\/it\/","logo":{"@type":"ImageObject","inLanguage":"de","@id":"https:\/\/grafoplast.it\/it\/#\/schema\/logo\/image\/","url":"https:\/\/grafoplast.it\/wp-content\/uploads\/2021\/05\/logo_LD.jpg","contentUrl":"https:\/\/grafoplast.it\/wp-content\/uploads\/2021\/05\/logo_LD.jpg","width":600,"height":101,"caption":"Grafoplast"},"image":{"@id":"https:\/\/grafoplast.it\/it\/#\/schema\/logo\/image\/"},"sameAs":["https:\/\/www.facebook.com\/grafoplast","https:\/\/www.instagram.com\/grafoplast_official","https:\/\/www.linkedin.com\/company\/grafoplastsrl","https:\/\/www.youtube.com\/c\/Grafoplast"]}]}},"_links":{"self":[{"href":"https:\/\/grafoplast.it\/de\/wp-json\/wp\/v2\/pages\/4364","targetHints":{"allow":["GET"]}}],"collection":[{"href":"https:\/\/grafoplast.it\/de\/wp-json\/wp\/v2\/pages"}],"about":[{"href":"https:\/\/grafoplast.it\/de\/wp-json\/wp\/v2\/types\/page"}],"author":[{"embeddable":true,"href":"https:\/\/grafoplast.it\/de\/wp-json\/wp\/v2\/users\/1"}],"replies":[{"embeddable":true,"href":"https:\/\/grafoplast.it\/de\/wp-json\/wp\/v2\/comments?post=4364"}],"version-history":[{"count":5,"href":"https:\/\/grafoplast.it\/de\/wp-json\/wp\/v2\/pages\/4364\/revisions"}],"predecessor-version":[{"id":4394,"href":"https:\/\/grafoplast.it\/de\/wp-json\/wp\/v2\/pages\/4364\/revisions\/4394"}],"up":[{"embeddable":true,"href":"https:\/\/grafoplast.it\/de\/wp-json\/wp\/v2\/pages\/4336"}],"wp:attachment":[{"href":"https:\/\/grafoplast.it\/de\/wp-json\/wp\/v2\/media?parent=4364"}],"curies":[{"name":"wp","href":"https:\/\/api.w.org\/{rel}","templated":true}]}}